{"id":3000,"date":"2026-03-03T22:37:30","date_gmt":"2026-03-04T03:37:30","guid":{"rendered":"https:\/\/yhmparts.com\/repuestosmaquinaria\/?post_type=product&#038;p=3000"},"modified":"2026-03-03T22:41:11","modified_gmt":"2026-03-04T03:41:11","slug":"bomba-elevacion-de-combustible-dz120068","status":"publish","type":"product","link":"https:\/\/yhmparts.com\/repuestosmaquinaria\/producto\/bomba-elevacion-de-combustible-dz120068\/","title":{"rendered":"Bomba elevaci\u00f3n de combustible DZ120068"},"content":{"rendered":"<p><img fetchpriority=\"high\" decoding=\"async\" class=\"alignnone size-full wp-image-3001\" src=\"https:\/\/yhmparts.com\/wp-content\/uploads\/2026\/03\/bomba-elevacion-de-combustible.png\" alt=\"\" width=\"215\" height=\"269\" title=\"\"> <img decoding=\"async\" class=\"alignnone size-medium wp-image-3002\" src=\"https:\/\/yhmparts.com\/wp-content\/uploads\/2026\/03\/bomba-de-combustible-John-Deere-2-225x300.jpeg\" alt=\"\" width=\"225\" height=\"300\" title=\"\" srcset=\"https:\/\/yhmparts.com\/wp-content\/uploads\/2026\/03\/bomba-de-combustible-John-Deere-2-225x300.jpeg 225w, https:\/\/yhmparts.com\/wp-content\/uploads\/2026\/03\/bomba-de-combustible-John-Deere-2-768x1024.jpeg 768w, https:\/\/yhmparts.com\/wp-content\/uploads\/2026\/03\/bomba-de-combustible-John-Deere-2-1152x1536.jpeg 1152w, https:\/\/yhmparts.com\/wp-content\/uploads\/2026\/03\/bomba-de-combustible-John-Deere-2-600x800.jpeg 600w, https:\/\/yhmparts.com\/wp-content\/uploads\/2026\/03\/bomba-de-combustible-John-Deere-2.jpeg 1200w\" sizes=\"(max-width: 225px) 100vw, 225px\" \/><\/p>\n<p>&nbsp;<\/p>\n<p>Bomba elevaci\u00f3n de combustible DZ120068 John Deere Original<br \/>\nEnv\u00edos a todo el pa\u00eds.<br \/>\nDisponible para entrega inmediata.<\/p>\n","protected":false},"excerpt":{"rendered":"<p>&nbsp; Bomba elevaci\u00f3n de combustible DZ120068 John Deere Original Env\u00edos a todo el pa\u00eds. Disponible para entrega inmediata.<\/p>\n","protected":false},"featured_media":3001,"template":"","meta":{"_eb_attr":"","site-sidebar-layout":"default","site-content-layout":"","ast-site-content-layout":"default","site-content-style":"default","site-sidebar-style":"default","ast-global-header-display":"","ast-banner-title-visibility":"","ast-main-header-display":"","ast-hfb-above-header-display":"","ast-hfb-below-header-display":"","ast-hfb-mobile-header-display":"","site-post-title":"","ast-breadcrumbs-content":"","ast-featured-img":"","footer-sml-layout":"","ast-disable-related-posts":"","theme-transparent-header-meta":"default","adv-header-id-meta":"","stick-header-meta":"","header-above-stick-meta":"","header-main-stick-meta":"","header-below-stick-meta":"","astra-migrate-meta-layouts":"set","ast-page-background-enabled":"default","ast-page-background-meta":{"desktop":{"background-color":"var(--ast-global-color-4)","background-image":"","background-repeat":"repeat","background-position":"center center","background-size":"auto","background-attachment":"scroll","background-type":"","background-media":"","overlay-type":"","overlay-color":"","overlay-opacity":"","overlay-gradient":""},"tablet":{"background-color":"","background-image":"","background-repeat":"repeat","background-position":"center center","background-size":"auto","background-attachment":"scroll","background-type":"","background-media":"","overlay-type":"","overlay-color":"","overlay-opacity":"","overlay-gradient":""},"mobile":{"background-color":"","background-image":"","background-repeat":"repeat","background-position":"center center","background-size":"auto","background-attachment":"scroll","background-type":"","background-media":"","overlay-type":"","overlay-color":"","overlay-opacity":"","overlay-gradient":""}},"ast-content-background-meta":{"desktop":{"background-color":"var(--ast-global-color-5)","background-image":"","background-repeat":"repeat","background-position":"center center","background-size":"auto","background-attachment":"scroll","background-type":"","background-media":"","overlay-type":"","overlay-color":"","overlay-opacity":"","overlay-gradient":""},"tablet":{"background-color":"var(--ast-global-color-5)","background-image":"","background-repeat":"repeat","background-position":"center center","background-size":"auto","background-attachment":"scroll","background-type":"","background-media":"","overlay-type":"","overlay-color":"","overlay-opacity":"","overlay-gradient":""},"mobile":{"background-color":"var(--ast-global-color-5)","background-image":"","background-repeat":"repeat","background-position":"center center","background-size":"auto","background-attachment":"scroll","background-type":"","background-media":"","overlay-type":"","overlay-color":"","overlay-opacity":"","overlay-gradient":""}}},"product_brand":[],"product_cat":[23],"product_tag":[],"class_list":{"0":"post-3000","1":"product","2":"type-product","3":"status-publish","4":"has-post-thumbnail","6":"product_cat-repuestos","7":"desktop-align-left","8":"tablet-align-left","9":"mobile-align-left","11":"first","12":"instock","13":"taxable","14":"shipping-taxable","15":"product-type-simple"},"_links":{"self":[{"href":"https:\/\/yhmparts.com\/repuestosmaquinaria\/wp-json\/wp\/v2\/product\/3000","targetHints":{"allow":["GET"]}}],"collection":[{"href":"https:\/\/yhmparts.com\/repuestosmaquinaria\/wp-json\/wp\/v2\/product"}],"about":[{"href":"https:\/\/yhmparts.com\/repuestosmaquinaria\/wp-json\/wp\/v2\/types\/product"}],"wp:featuredmedia":[{"embeddable":true,"href":"https:\/\/yhmparts.com\/repuestosmaquinaria\/wp-json\/wp\/v2\/media\/3001"}],"wp:attachment":[{"href":"https:\/\/yhmparts.com\/repuestosmaquinaria\/wp-json\/wp\/v2\/media?parent=3000"}],"wp:term":[{"taxonomy":"product_brand","embeddable":true,"href":"https:\/\/yhmparts.com\/repuestosmaquinaria\/wp-json\/wp\/v2\/product_brand?post=3000"},{"taxonomy":"product_cat","embeddable":true,"href":"https:\/\/yhmparts.com\/repuestosmaquinaria\/wp-json\/wp\/v2\/product_cat?post=3000"},{"taxonomy":"product_tag","embeddable":true,"href":"https:\/\/yhmparts.com\/repuestosmaquinaria\/wp-json\/wp\/v2\/product_tag?post=3000"}],"curies":[{"name":"wp","href":"https:\/\/api.w.org\/{rel}","templated":true}]}}