{"id":295,"date":"2023-06-23T17:49:11","date_gmt":"2023-06-23T22:49:11","guid":{"rendered":"http:\/\/yhmparts.com\/?page_id=295"},"modified":"2025-10-01T16:05:18","modified_gmt":"2025-10-01T21:05:18","slug":"nosotros-yhm-parts","status":"publish","type":"page","link":"https:\/\/yhmparts.com\/repuestosmaquinaria\/nosotros-yhm-parts\/","title":{"rendered":"NOSOTROS"},"content":{"rendered":"\t\t<div data-elementor-type=\"wp-page\" data-elementor-id=\"295\" class=\"elementor elementor-295\" data-elementor-post-type=\"page\">\n\t\t\t\t<div class=\"elementor-element elementor-element-2cc87b1 e-flex e-con-boxed e-con e-parent\" data-id=\"2cc87b1\" data-element_type=\"container\" data-e-type=\"container\">\n\t\t\t\t\t<div class=\"e-con-inner\">\n\t\t\t\t<div class=\"elementor-element elementor-element-15bd46d elementor-widget elementor-widget-heading\" data-id=\"15bd46d\" data-element_type=\"widget\" data-e-type=\"widget\" data-widget_type=\"heading.default\">\n\t\t\t\t<div class=\"elementor-widget-container\">\n\t\t\t\t\t<h2 class=\"elementor-heading-title elementor-size-default\">Nuestra Misi\u00f3n<\/h2>\t\t\t\t<\/div>\n\t\t\t\t<\/div>\n\t\t\t\t<div class=\"elementor-element elementor-element-4a3540d elementor-widget elementor-widget-text-editor\" data-id=\"4a3540d\" data-element_type=\"widget\" data-e-type=\"widget\" data-widget_type=\"text-editor.default\">\n\t\t\t\t<div class=\"elementor-widget-container\">\n\t\t\t\t\t\t\t\t\t<p>En YHM Parts proporcionamos a nuestros clientes repuestos de alta calidad y soluciones eficientes para mantener su maquinaria en movimiento.<\/p>\t\t\t\t\t\t\t\t<\/div>\n\t\t\t\t<\/div>\n\t\t\t\t\t<\/div>\n\t\t\t\t<\/div>\n\t\t<div class=\"elementor-element elementor-element-787c7b6 e-flex e-con-boxed e-con e-parent\" data-id=\"787c7b6\" data-element_type=\"container\" data-e-type=\"container\" data-settings=\"{&quot;background_background&quot;:&quot;classic&quot;}\">\n\t\t\t\t\t<div class=\"e-con-inner\">\n\t\t\t\t<div class=\"elementor-element elementor-element-ed211db elementor-widget__width-initial elementor-widget-mobile__width-initial elementor-widget elementor-widget-image\" data-id=\"ed211db\" data-element_type=\"widget\" data-e-type=\"widget\" data-widget_type=\"image.default\">\n\t\t\t\t<div class=\"elementor-widget-container\">\n\t\t\t\t\t\t\t\t\t\t\t\t\t\t\t<img decoding=\"async\" width=\"150\" height=\"150\" src=\"https:\/\/yhmparts.com\/wp-content\/uploads\/2023\/12\/logo-150x150.png\" class=\"attachment-thumbnail size-thumbnail wp-image-1525\" alt=\"logo\" srcset=\"https:\/\/yhmparts.com\/wp-content\/uploads\/2023\/12\/logo-150x150.png 150w, https:\/\/yhmparts.com\/wp-content\/uploads\/2023\/12\/logo-300x300.png 300w, https:\/\/yhmparts.com\/wp-content\/uploads\/2023\/12\/logo-100x100.png 100w, https:\/\/yhmparts.com\/wp-content\/uploads\/2023\/12\/logo.png 512w\" sizes=\"(max-width: 150px) 100vw, 150px\" title=\"\">\t\t\t\t\t\t\t\t\t\t\t\t\t\t\t<\/div>\n\t\t\t\t<\/div>\n\t\t\t\t<div class=\"elementor-element elementor-element-12ba6a7 elementor-widget__width-initial elementor-widget-mobile__width-initial elementor-widget elementor-widget-heading\" data-id=\"12ba6a7\" data-element_type=\"widget\" data-e-type=\"widget\" data-widget_type=\"heading.default\">\n\t\t\t\t<div class=\"elementor-widget-container\">\n\t\t\t\t\t<h2 class=\"elementor-heading-title elementor-size-default\">\u201cConstruimos relaciones duraderas con nuestros clientes, basadas en la honestidad y el cumplimiento de nuestro servicio\u201d<\/h2>\t\t\t\t<\/div>\n\t\t\t\t<\/div>\n\t\t\t\t\t<\/div>\n\t\t\t\t<\/div>\n\t\t<div class=\"elementor-element elementor-element-41aa043 e-flex e-con-boxed e-con e-parent\" data-id=\"41aa043\" data-element_type=\"container\" data-e-type=\"container\">\n\t\t\t\t\t<div class=\"e-con-inner\">\n\t\t\t\t<div class=\"elementor-element elementor-element-790bbf7 elementor-widget elementor-widget-heading\" data-id=\"790bbf7\" data-element_type=\"widget\" data-e-type=\"widget\" data-widget_type=\"heading.default\">\n\t\t\t\t<div class=\"elementor-widget-container\">\n\t\t\t\t\t<h2 class=\"elementor-heading-title elementor-size-default\">\u00bfPor qu\u00e9 elegirnos?<\/h2>\t\t\t\t<\/div>\n\t\t\t\t<\/div>\n\t\t\t\t\t<\/div>\n\t\t\t\t<\/div>\n\t\t<div class=\"elementor-element elementor-element-ee92a2d e-con-full e-flex e-con e-parent\" data-id=\"ee92a2d\" data-element_type=\"container\" data-e-type=\"container\" data-settings=\"{&quot;background_background&quot;:&quot;classic&quot;}\">\n\t\t\t\t<div class=\"elementor-element elementor-element-9ad11a4 elementor-widget elementor-widget-heading\" data-id=\"9ad11a4\" data-element_type=\"widget\" data-e-type=\"widget\" data-widget_type=\"heading.default\">\n\t\t\t\t<div class=\"elementor-widget-container\">\n\t\t\t\t\t<h2 class=\"elementor-heading-title elementor-size-default\">CONOCIMIENTO T\u00c9CNICO<\/h2>\t\t\t\t<\/div>\n\t\t\t\t<\/div>\n\t\t<div class=\"elementor-element elementor-element-d74574c e-flex e-con-boxed e-con e-child\" data-id=\"d74574c\" data-element_type=\"container\" data-e-type=\"container\">\n\t\t\t\t\t<div class=\"e-con-inner\">\n\t\t\t\t<div class=\"elementor-element elementor-element-2c0f799 elementor-widget__width-initial elementor-widget elementor-widget-heading\" data-id=\"2c0f799\" data-element_type=\"widget\" data-e-type=\"widget\" data-widget_type=\"heading.default\">\n\t\t\t\t<div class=\"elementor-widget-container\">\n\t\t\t\t\t<h4 class=\"elementor-heading-title elementor-size-default\">Contamos con sus manuales de parte de cada equipo para seleccionar los repuestos adecuados que sean compatibles y cumplan con los est\u00e1ndares de calidad, teniendo el soporte de t\u00e9cnicos mec\u00e1nicos especializados.<\/h4>\t\t\t\t<\/div>\n\t\t\t\t<\/div>\n\t\t\t\t<div class=\"elementor-element elementor-element-590f89e elementor-widget__width-initial elementor-widget-mobile__width-initial elementor-widget elementor-widget-image\" data-id=\"590f89e\" data-element_type=\"widget\" data-e-type=\"widget\" data-widget_type=\"image.default\">\n\t\t\t\t<div class=\"elementor-widget-container\">\n\t\t\t\t\t\t\t\t\t\t\t\t\t\t\t<img fetchpriority=\"high\" decoding=\"async\" width=\"538\" height=\"300\" src=\"https:\/\/yhmparts.com\/wp-content\/uploads\/2024\/01\/conocimiento-tecnico.jpg\" class=\"attachment-full size-full wp-image-1274\" alt=\"YHM Parts\" srcset=\"https:\/\/yhmparts.com\/wp-content\/uploads\/2024\/01\/conocimiento-tecnico.jpg 538w, https:\/\/yhmparts.com\/wp-content\/uploads\/2024\/01\/conocimiento-tecnico-300x167.jpg 300w\" sizes=\"(max-width: 538px) 100vw, 538px\" title=\"\">\t\t\t\t\t\t\t\t\t\t\t\t\t\t\t<\/div>\n\t\t\t\t<\/div>\n\t\t\t\t\t<\/div>\n\t\t\t\t<\/div>\n\t\t\t\t<\/div>\n\t\t<div class=\"elementor-element elementor-element-f62f641 e-con-full e-flex e-con e-parent\" data-id=\"f62f641\" data-element_type=\"container\" data-e-type=\"container\" data-settings=\"{&quot;background_background&quot;:&quot;classic&quot;}\">\n\t\t\t\t<div class=\"elementor-element elementor-element-35d67ea elementor-widget elementor-widget-heading\" data-id=\"35d67ea\" data-element_type=\"widget\" data-e-type=\"widget\" data-widget_type=\"heading.default\">\n\t\t\t\t<div class=\"elementor-widget-container\">\n\t\t\t\t\t<h2 class=\"elementor-heading-title elementor-size-default\">PROVEEDORES DE CONFIANZA<\/h2>\t\t\t\t<\/div>\n\t\t\t\t<\/div>\n\t\t<div class=\"elementor-element elementor-element-5281272 e-flex e-con-boxed e-con e-child\" data-id=\"5281272\" data-element_type=\"container\" data-e-type=\"container\">\n\t\t\t\t\t<div class=\"e-con-inner\">\n\t\t\t\t<div class=\"elementor-element elementor-element-d02c436 elementor-widget__width-initial elementor-widget elementor-widget-heading\" data-id=\"d02c436\" data-element_type=\"widget\" data-e-type=\"widget\" data-widget_type=\"heading.default\">\n\t\t\t\t<div class=\"elementor-widget-container\">\n\t\t\t\t\t<h4 class=\"elementor-heading-title elementor-size-default\">Nuestras relaciones comerciales se basan en proveedores que nos brindan la autenticidad y calidad de repuestos, teniendo como aliados f\u00e1bricas autorizadas de distribuci\u00f3n de repuestos originales de diferentes partes del mundo.<\/h4>\t\t\t\t<\/div>\n\t\t\t\t<\/div>\n\t\t\t\t<div class=\"elementor-element elementor-element-688ed3d elementor-widget__width-initial elementor-widget-mobile__width-initial elementor-widget elementor-widget-image\" data-id=\"688ed3d\" data-element_type=\"widget\" data-e-type=\"widget\" data-widget_type=\"image.default\">\n\t\t\t\t<div class=\"elementor-widget-container\">\n\t\t\t\t\t\t\t\t\t\t\t\t\t\t\t<img decoding=\"async\" width=\"538\" height=\"300\" src=\"https:\/\/yhmparts.com\/wp-content\/uploads\/2024\/01\/proveedores.jpg\" class=\"attachment-full size-full wp-image-1277\" alt=\"proveedores\" srcset=\"https:\/\/yhmparts.com\/wp-content\/uploads\/2024\/01\/proveedores.jpg 538w, https:\/\/yhmparts.com\/wp-content\/uploads\/2024\/01\/proveedores-300x167.jpg 300w\" sizes=\"(max-width: 538px) 100vw, 538px\" title=\"\">\t\t\t\t\t\t\t\t\t\t\t\t\t\t\t<\/div>\n\t\t\t\t<\/div>\n\t\t\t\t\t<\/div>\n\t\t\t\t<\/div>\n\t\t\t\t<\/div>\n\t\t<div class=\"elementor-element elementor-element-bbe0392 e-con-full e-flex e-con e-parent\" data-id=\"bbe0392\" data-element_type=\"container\" data-e-type=\"container\" data-settings=\"{&quot;background_background&quot;:&quot;classic&quot;}\">\n\t\t\t\t<div class=\"elementor-element elementor-element-a258097 elementor-widget elementor-widget-heading\" data-id=\"a258097\" data-element_type=\"widget\" data-e-type=\"widget\" data-widget_type=\"heading.default\">\n\t\t\t\t<div class=\"elementor-widget-container\">\n\t\t\t\t\t<h2 class=\"elementor-heading-title elementor-size-default\">POLITICAS DE GARANT\u00cdA<\/h2>\t\t\t\t<\/div>\n\t\t\t\t<\/div>\n\t\t<div class=\"elementor-element elementor-element-a73b797 e-flex e-con-boxed e-con e-child\" data-id=\"a73b797\" data-element_type=\"container\" data-e-type=\"container\">\n\t\t\t\t\t<div class=\"e-con-inner\">\n\t\t\t\t<div class=\"elementor-element elementor-element-112d3a2 elementor-widget__width-initial elementor-widget elementor-widget-heading\" data-id=\"112d3a2\" data-element_type=\"widget\" data-e-type=\"widget\" data-widget_type=\"heading.default\">\n\t\t\t\t<div class=\"elementor-widget-container\">\n\t\t\t\t\t<h2 class=\"elementor-heading-title elementor-size-default\">Contamos con pol\u00edticas de garant\u00eda, esto permite que en caso de que un repuesto no cumpla con las especificaciones requeridas o presente fallas, se pueda realizar un cambio o devoluci\u00f3n del producto sin complicaciones\u200b<\/h2>\t\t\t\t<\/div>\n\t\t\t\t<\/div>\n\t\t\t\t<div class=\"elementor-element elementor-element-d41ea4c elementor-widget__width-initial elementor-widget-mobile__width-initial elementor-widget elementor-widget-image\" data-id=\"d41ea4c\" data-element_type=\"widget\" data-e-type=\"widget\" data-widget_type=\"image.default\">\n\t\t\t\t<div class=\"elementor-widget-container\">\n\t\t\t\t\t\t\t\t\t\t\t\t\t\t\t<img fetchpriority=\"high\" decoding=\"async\" width=\"538\" height=\"300\" src=\"https:\/\/yhmparts.com\/wp-content\/uploads\/2024\/01\/conocimiento-tecnico.jpg\" class=\"attachment-full size-full wp-image-1274\" alt=\"YHM Parts\" srcset=\"https:\/\/yhmparts.com\/wp-content\/uploads\/2024\/01\/conocimiento-tecnico.jpg 538w, https:\/\/yhmparts.com\/wp-content\/uploads\/2024\/01\/conocimiento-tecnico-300x167.jpg 300w\" sizes=\"(max-width: 538px) 100vw, 538px\" title=\"\">\t\t\t\t\t\t\t\t\t\t\t\t\t\t\t<\/div>\n\t\t\t\t<\/div>\n\t\t\t\t\t<\/div>\n\t\t\t\t<\/div>\n\t\t\t\t<div class=\"elementor-element elementor-element-6476b35 elementor-invisible elementor-widget elementor-widget-heading\" data-id=\"6476b35\" data-element_type=\"widget\" data-e-type=\"widget\" data-settings=\"{&quot;_animation&quot;:&quot;bounce&quot;}\" data-widget_type=\"heading.default\">\n\t\t\t\t<div class=\"elementor-widget-container\">\n\t\t\t\t\t<h2 class=\"elementor-heading-title elementor-size-default\"><a href=\"https:\/\/yhmparts.com\/wp-content\/uploads\/2025\/05\/V2-CONVENIO-DE-ACEPTACION-DE-TERMINOS-Y-CONDICIONES-DEL-SERVICIO-YHM-.pdf\">T\u00e9rminos y condiciones devoluci\u00f3n de repuestos<\/a><\/h2>\t\t\t\t<\/div>\n\t\t\t\t<\/div>\n\t\t\t\t<\/div>\n\t\t<div class=\"elementor-element elementor-element-df481c3 e-con-full e-flex e-con e-parent\" data-id=\"df481c3\" data-element_type=\"container\" data-e-type=\"container\" data-settings=\"{&quot;background_background&quot;:&quot;classic&quot;}\">\n\t\t\t\t<div class=\"elementor-element elementor-element-533cd0a elementor-widget elementor-widget-heading\" data-id=\"533cd0a\" data-element_type=\"widget\" data-e-type=\"widget\" data-widget_type=\"heading.default\">\n\t\t\t\t<div class=\"elementor-widget-container\">\n\t\t\t\t\t<h2 class=\"elementor-heading-title elementor-size-default\">EFICIENCIA EN TIEMPO DE ENTREGA<\/h2>\t\t\t\t<\/div>\n\t\t\t\t<\/div>\n\t\t<div class=\"elementor-element elementor-element-f99042e e-flex e-con-boxed e-con e-child\" data-id=\"f99042e\" data-element_type=\"container\" data-e-type=\"container\">\n\t\t\t\t\t<div class=\"e-con-inner\">\n\t\t\t\t<div class=\"elementor-element elementor-element-20ad6f1 elementor-widget__width-initial elementor-widget elementor-widget-heading\" data-id=\"20ad6f1\" data-element_type=\"widget\" data-e-type=\"widget\" data-widget_type=\"heading.default\">\n\t\t\t\t<div class=\"elementor-widget-container\">\n\t\t\t\t\t<h2 class=\"elementor-heading-title elementor-size-default\">Sabemos la importancia que tiene el ganar tiempo, por ello nos aseguramos de ser una empresa eficiente teniendo la capacidad de conseguir los repuestos y hacer env\u00edos agiles con la transportadora a convenir dentro de Colombia.<\/h2>\t\t\t\t<\/div>\n\t\t\t\t<\/div>\n\t\t\t\t<div class=\"elementor-element elementor-element-8264d6b elementor-widget__width-initial elementor-widget-mobile__width-initial elementor-widget elementor-widget-image\" data-id=\"8264d6b\" data-element_type=\"widget\" data-e-type=\"widget\" data-widget_type=\"image.default\">\n\t\t\t\t<div class=\"elementor-widget-container\">\n\t\t\t\t\t\t\t\t\t\t\t\t\t\t\t<img loading=\"lazy\" decoding=\"async\" width=\"538\" height=\"300\" src=\"https:\/\/yhmparts.com\/wp-content\/uploads\/2024\/01\/Entregas-de-tiempo.jpg\" class=\"attachment-full size-full wp-image-1275\" alt=\"Entregas de tiempo\" srcset=\"https:\/\/yhmparts.com\/wp-content\/uploads\/2024\/01\/Entregas-de-tiempo.jpg 538w, https:\/\/yhmparts.com\/wp-content\/uploads\/2024\/01\/Entregas-de-tiempo-300x167.jpg 300w\" sizes=\"(max-width: 538px) 100vw, 538px\" title=\"\">\t\t\t\t\t\t\t\t\t\t\t\t\t\t\t<\/div>\n\t\t\t\t<\/div>\n\t\t\t\t\t<\/div>\n\t\t\t\t<\/div>\n\t\t\t\t<\/div>\n\t\t<div class=\"elementor-element elementor-element-a49a111 e-flex e-con-boxed e-con e-parent\" data-id=\"a49a111\" data-element_type=\"container\" data-e-type=\"container\">\n\t\t\t\t\t<div class=\"e-con-inner\">\n\t\t\t\t<div class=\"elementor-element elementor-element-82f3077 elementor-widget elementor-widget-text-editor\" data-id=\"82f3077\" data-element_type=\"widget\" data-e-type=\"widget\" data-widget_type=\"text-editor.default\">\n\t\t\t\t<div class=\"elementor-widget-container\">\n\t\t\t\t\t\t\t\t\t<p>En <strong>YHM Parts<\/strong> trabajamos cada d\u00eda para ser la primera opci\u00f3n en la compra de <strong>repuestos de maquinaria pesada en Colombia<\/strong>. Nuestra empresa naci\u00f3 con el objetivo de ofrecer a clientes del sector agr\u00edcola, de la construcci\u00f3n y de la industria un aliado estrat\u00e9gico que garantice disponibilidad inmediata, calidad y precios competitivos. Por eso, en <strong>YHM Parts Bogot\u00e1<\/strong> encuentras repuestos originales y alternativos para marcas reconocidas como <strong>Kubota, John Deere, Caterpillar, Volvo, Perkins y Komatsu<\/strong>, siempre con el respaldo de un equipo que conoce cada detalle de tu maquinaria.<\/p><p>Lo que nos diferencia en <strong>YHM Parts<\/strong> es nuestra atenci\u00f3n personalizada y la capacidad de responder con rapidez a las necesidades de nuestros clientes. Sabemos que tus equipos no pueden detenerse, por eso contamos con un amplio inventario de motores, sistemas hidr\u00e1ulicos, filtros, trenes de rodaje y componentes el\u00e9ctricos que te ayudar\u00e1n a mantener tu maquinaria en perfecto estado. Cuando eliges <strong>cotizar repuestos con YHM Parts<\/strong>, no solo obtienes un producto, tambi\u00e9n recibes el acompa\u00f1amiento de un equipo experto que te asesora en todo el proceso de compra.<\/p><p>En <strong>YHM Parts Colombia<\/strong> nos enorgullece brindar soluciones confiables para excavadoras, retroexcavadoras y maquinaria pesada de diferentes marcas. Nuestro compromiso es garantizar que cada repuesto que compres con nosotros llegue en el menor tiempo posible y con la calidad que tu empresa necesita. Gracias a nuestra experiencia y a nuestra red de proveedores certificados, podemos ofrecer piezas que protegen tu inversi\u00f3n y prolongan la vida \u00fatil de tus equipos.<\/p><p>Ubicados en Bogot\u00e1, en el Centro Comercial Puerto Libre, atendemos tanto a clientes locales como a empresas en todo el pa\u00eds. Con env\u00edos nacionales y atenci\u00f3n inmediata, <strong>YHM Parts<\/strong> se ha consolidado como un socio confiable para compa\u00f1\u00edas que buscan eficiencia y respaldo en cada operaci\u00f3n.<\/p><p>Si buscas confianza, experiencia y repuestos de calidad, <strong>YHM Parts es tu mejor opci\u00f3n en Colombia<\/strong>. Somos m\u00e1s que un proveedor: somos el aliado que garantiza que tu maquinaria pesada siga funcionando con la potencia y seguridad que tu negocio requiere.<\/p><p>\u00a0<\/p><p>En <strong>YHM Parts<\/strong> nos especializamos en la venta y distribuci\u00f3n de <strong>repuestos de maquinaria pesada<\/strong>, ofreciendo soluciones confiables para que tus equipos nunca se detengan. Sabemos que en sectores como la construcci\u00f3n, la agricultura y la industria, el tiempo es oro; por eso trabajamos cada d\u00eda para brindarte piezas de calidad, disponibilidad inmediata y asesor\u00eda t\u00e9cnica que te ayude a tomar la mejor decisi\u00f3n de compra.<\/p><p>Nuestra empresa naci\u00f3 con el prop\u00f3sito de convertirse en un aliado estrat\u00e9gico para quienes operan maquinaria de marcas l\u00edderes a nivel mundial. Por eso contamos con un amplio portafolio de repuestos para <strong>Kubota, John Deere, Caterpillar, Volvo, Perkins, Komatsu<\/strong>, entre otras. Desde piezas de motor, sistemas hidr\u00e1ulicos, filtros, sensores, trenes de rodaje hasta componentes el\u00e9ctricos, tenemos todo lo que necesitas en un solo lugar.<\/p><p>La confianza que nuestros clientes depositan en nosotros se debe a nuestro compromiso con la <strong>calidad y la atenci\u00f3n personalizada<\/strong>. No solo vendemos repuestos, tambi\u00e9n ofrecemos asesor\u00eda experta para que cada cliente encuentre la pieza exacta que requiere, ya sea original o alternativa, siempre con respaldo y garant\u00eda. Nuestro equipo conoce en detalle cada l\u00ednea de productos y est\u00e1 preparado para guiarte en todo el proceso de compra, desde la cotizaci\u00f3n hasta la entrega final.<\/p>\t\t\t\t\t\t\t\t<\/div>\n\t\t\t\t<\/div>\n\t\t\t\t\t<\/div>\n\t\t\t\t<\/div>\n\t\t\t\t<\/div>\n\t\t","protected":false},"excerpt":{"rendered":"<p>Nuestra Misi\u00f3n En YHM Parts proporcionamos a nuestros clientes repuestos de alta calidad y soluciones eficientes para mantener su maquinaria en movimiento. \u201cConstruimos relaciones duraderas con nuestros clientes, basadas en la honestidad y el cumplimiento de nuestro servicio\u201d \u00bfPor qu\u00e9 elegirnos? CONOCIMIENTO T\u00c9CNICO Contamos con sus manuales de parte de cada equipo para seleccionar los [&hellip;]<\/p>\n","protected":false},"author":1,"featured_media":0,"parent":0,"menu_order":0,"comment_status":"closed","ping_status":"closed","template":"","meta":{"_eb_attr":"","site-sidebar-layout":"default","site-content-layout":"","ast-site-content-layout":"default","site-content-style":"default","site-sidebar-style":"default","ast-global-header-display":"","ast-banner-title-visibility":"","ast-main-header-display":"","ast-hfb-above-header-display":"","ast-hfb-below-header-display":"","ast-hfb-mobile-header-display":"","site-post-title":"disabled","ast-breadcrumbs-content":"","ast-featured-img":"","footer-sml-layout":"","ast-disable-related-posts":"","theme-transparent-header-meta":"","adv-header-id-meta":"","stick-header-meta":"","header-above-stick-meta":"","header-main-stick-meta":"","header-below-stick-meta":"","astra-migrate-meta-layouts":"default","ast-page-background-enabled":"default","ast-page-background-meta":{"desktop":{"background-color":"var(--ast-global-color-4)","background-image":"","background-repeat":"repeat","background-position":"center center","background-size":"auto","background-attachment":"scroll","background-type":"","background-media":"","overlay-type":"","overlay-color":"","overlay-opacity":"","overlay-gradient":""},"tablet":{"background-color":"","background-image":"","background-repeat":"repeat","background-position":"center center","background-size":"auto","background-attachment":"scroll","background-type":"","background-media":"","overlay-type":"","overlay-color":"","overlay-opacity":"","overlay-gradient":""},"mobile":{"background-color":"","background-image":"","background-repeat":"repeat","background-position":"center center","background-size":"auto","background-attachment":"scroll","background-type":"","background-media":"","overlay-type":"","overlay-color":"","overlay-opacity":"","overlay-gradient":""}},"ast-content-background-meta":{"desktop":{"background-color":"var(--ast-global-color-5)","background-image":"","background-repeat":"repeat","background-position":"center center","background-size":"auto","background-attachment":"scroll","background-type":"","background-media":"","overlay-type":"","overlay-color":"","overlay-opacity":"","overlay-gradient":""},"tablet":{"background-color":"var(--ast-global-color-5)","background-image":"","background-repeat":"repeat","background-position":"center center","background-size":"auto","background-attachment":"scroll","background-type":"","background-media":"","overlay-type":"","overlay-color":"","overlay-opacity":"","overlay-gradient":""},"mobile":{"background-color":"var(--ast-global-color-5)","background-image":"","background-repeat":"repeat","background-position":"center center","background-size":"auto","background-attachment":"scroll","background-type":"","background-media":"","overlay-type":"","overlay-color":"","overlay-opacity":"","overlay-gradient":""}},"footnotes":""},"class_list":["post-295","page","type-page","status-publish","hentry"],"_links":{"self":[{"href":"https:\/\/yhmparts.com\/repuestosmaquinaria\/wp-json\/wp\/v2\/pages\/295","targetHints":{"allow":["GET"]}}],"collection":[{"href":"https:\/\/yhmparts.com\/repuestosmaquinaria\/wp-json\/wp\/v2\/pages"}],"about":[{"href":"https:\/\/yhmparts.com\/repuestosmaquinaria\/wp-json\/wp\/v2\/types\/page"}],"author":[{"embeddable":true,"href":"https:\/\/yhmparts.com\/repuestosmaquinaria\/wp-json\/wp\/v2\/users\/1"}],"replies":[{"embeddable":true,"href":"https:\/\/yhmparts.com\/repuestosmaquinaria\/wp-json\/wp\/v2\/comments?post=295"}],"version-history":[{"count":57,"href":"https:\/\/yhmparts.com\/repuestosmaquinaria\/wp-json\/wp\/v2\/pages\/295\/revisions"}],"predecessor-version":[{"id":2817,"href":"https:\/\/yhmparts.com\/repuestosmaquinaria\/wp-json\/wp\/v2\/pages\/295\/revisions\/2817"}],"wp:attachment":[{"href":"https:\/\/yhmparts.com\/repuestosmaquinaria\/wp-json\/wp\/v2\/media?parent=295"}],"curies":[{"name":"wp","href":"https:\/\/api.w.org\/{rel}","templated":true}]}}